{"id":101,"date":"2025-01-08T20:08:22","date_gmt":"2025-01-08T20:08:22","guid":{"rendered":"https:\/\/gumpedalenindustrier.no\/?page_id=101"},"modified":"2025-04-10T20:41:25","modified_gmt":"2025-04-10T20:41:25","slug":"om-oss","status":"publish","type":"page","link":"https:\/\/gumpedalenindustrier.no\/index.php\/om-oss\/","title":{"rendered":"Om oss"},"content":{"rendered":"<p>GSOLAR er en del av Gumpedalen Industrier AS (org 834 549 042) som importer solcelle carporter og annet utstyr direkte fra produsent. V\u00e5rt m\u00e5l er \u00e5 kunne tilby markedets billigste fornybar energi. Vi holder til p\u00e5 Nodeland bare en kort avstand norvest av Kristiansand.<\/p><p>Vi er et selskap som tilstreber \u00e5 ha de beste priser i markedet. Vi retter oss spesielt mot sluttbruker og\/eller de som har tilgang til autorisert innstallat\u00f8r som kan foreta innstallasjonen.<\/p><p>Du b\u00f8r kontakte bygningsavdeling i din kommune for \u00e5 avklare om det er spesielle krav som stilles for innstallasjon av solcellepaneler f\u00f8r du setter igang. <\/p><p>V\u00e5r nyeste produkt er Carport som kan leveres komplett med festematriell og paneler. Her f\u00e5r du en flott carport som i tillegg produser morgendagens energi. Har du behov for b\u00e5de solcellesystem samt en carport, s\u00e5 er dette den desiterte billigste l\u00f8sningen.<\/p><p>Vi foretrekker at innstallat\u00f8r velger sin egen inverter som han allerede er kjent med. Han vet ogs\u00e5 hva slags nett du har. Dette sparer du tid og penger p\u00e5 mht kortere innstallasjonstid. Hvis \u00f8nskelig kan vi levere inverter til en meget gunstig pris.<\/p><p>Vi kj\u00f8per mesteparten av v\u00e5re produkter direkte fra leverand\u00f8r. Dette gir deg den beste prisen i markedet.  Alt av v\u00e5re solcellepaneler er &laquo;Tier 1&raquo; produkter. Det vil si de har 12 \u00e5rs garanti mot produksjonsfeil og 25 \u00e5rs produksjonsgaranti, der panelene skal levere min 80% str\u00f8mproduksjon.<\/p><p>Send oss gjerne en mail for prisforesp\u00f8rsel. Vi foretrekker at du henter produktene selv, men vi kan ogs\u00e5 levere\/transportere etter n\u00e6rmere avtale. <\/p><p>Alle v\u00e5re produkter tilfredstiller kravene til \u00e5 kunne s\u00f8ke om Enova st\u00f8tte. <\/p><p><\/p><p><\/p>","protected":false},"excerpt":{"rendered":"<p>GSOLAR er en del av Gumpedalen Industrier AS (org 834 549 042) som importer solcelle carporter og annet utstyr direkte fra produsent. V\u00e5rt m\u00e5l er \u00e5 kunne tilby markedets billigste fornybar energi. Vi holder til p\u00e5 Nodeland bare en kort avstand norvest av Kristiansand. Vi er et selskap som tilstreber \u00e5 ha de beste priser [&hellip;]<\/p>\n","protected":false},"author":1,"featured_media":0,"parent":0,"menu_order":0,"comment_status":"closed","ping_status":"closed","template":"","meta":{"footnotes":""},"class_list":["post-101","page","type-page","status-publish","hentry"],"_links":{"self":[{"href":"https:\/\/gumpedalenindustrier.no\/index.php\/wp-json\/wp\/v2\/pages\/101","targetHints":{"allow":["GET"]}}],"collection":[{"href":"https:\/\/gumpedalenindustrier.no\/index.php\/wp-json\/wp\/v2\/pages"}],"about":[{"href":"https:\/\/gumpedalenindustrier.no\/index.php\/wp-json\/wp\/v2\/types\/page"}],"author":[{"embeddable":true,"href":"https:\/\/gumpedalenindustrier.no\/index.php\/wp-json\/wp\/v2\/users\/1"}],"replies":[{"embeddable":true,"href":"https:\/\/gumpedalenindustrier.no\/index.php\/wp-json\/wp\/v2\/comments?post=101"}],"version-history":[{"count":11,"href":"https:\/\/gumpedalenindustrier.no\/index.php\/wp-json\/wp\/v2\/pages\/101\/revisions"}],"predecessor-version":[{"id":235,"href":"https:\/\/gumpedalenindustrier.no\/index.php\/wp-json\/wp\/v2\/pages\/101\/revisions\/235"}],"wp:attachment":[{"href":"https:\/\/gumpedalenindustrier.no\/index.php\/wp-json\/wp\/v2\/media?parent=101"}],"curies":[{"name":"wp","href":"https:\/\/api.w.org\/{rel}","templated":true}]}}