{"id":140,"date":"2025-01-09T22:36:32","date_gmt":"2025-01-09T22:36:32","guid":{"rendered":"https:\/\/gumpedalenindustrier.no\/?page_id=140"},"modified":"2025-04-17T22:36:48","modified_gmt":"2025-04-17T22:36:48","slug":"gsolar-start","status":"publish","type":"page","link":"https:\/\/gumpedalenindustrier.no\/","title":{"rendered":"GSolar"},"content":{"rendered":"<p class=\"has-large-font-size\"><a href=\"https:\/\/gumpedalenindustrier.no\/index.php\/carport-solar\/\" data-type=\"page\" data-id=\"170\">\u2600\ufe0f<strong>SALG   Fremtidens carport er her!!!!!<\/strong> <strong>SALG<\/strong>\u2600\ufe0f<\/a><\/p><p>GSOLAR er en del av Gumpedalen Industrier AS (org 834 549 042) som importerer solcelle carporter og annet utstyr direkte fra produsent. V\u00e5rt m\u00e5l er \u00e5 kunne tilby markedets billigste fornybar energi. Vi holder til p\u00e5 Nodeland bare en kort avstand norvest av Kristiansand.<\/p><figure class=\"wp-block-gallery has-nested-images columns-default is-cropped wp-block-gallery-1 is-layout-flex wp-block-gallery-is-layout-flex\"><figure data-wp-context=\"{&quot;imageId&quot;:&quot;69e35dab4fad6&quot;}\" data-wp-interactive=\"core\/image\" data-wp-key=\"69e35dab4fad6\" class=\"wp-block-image size-full is-style-default wp-lightbox-container\"><img fetchpriority=\"high\" decoding=\"async\" width=\"1000\" height=\"1000\" data-wp-class--hide=\"state.isContentHidden\" data-wp-class--show=\"state.isContentVisible\" data-wp-init=\"callbacks.setButtonStyles\" data-wp-on--click=\"actions.showLightbox\" data-wp-on--load=\"callbacks.setButtonStyles\" data-wp-on-window--resize=\"callbacks.setButtonStyles\" data-id=\"205\" src=\"https:\/\/gumpedalenindustrier.no\/wp-content\/uploads\/2025\/04\/Dual-carport-3.jpg\" alt=\"\" class=\"wp-image-205\" srcset=\"https:\/\/gumpedalenindustrier.no\/wp-content\/uploads\/2025\/04\/Dual-carport-3.jpg 1000w, https:\/\/gumpedalenindustrier.no\/wp-content\/uploads\/2025\/04\/Dual-carport-3-300x300.jpg 300w, https:\/\/gumpedalenindustrier.no\/wp-content\/uploads\/2025\/04\/Dual-carport-3-150x150.jpg 150w, https:\/\/gumpedalenindustrier.no\/wp-content\/uploads\/2025\/04\/Dual-carport-3-768x768.jpg 768w, https:\/\/gumpedalenindustrier.no\/wp-content\/uploads\/2025\/04\/Dual-carport-3-600x600.jpg 600w, https:\/\/gumpedalenindustrier.no\/wp-content\/uploads\/2025\/04\/Dual-carport-3-100x100.jpg 100w\" sizes=\"(max-width: 1000px) 100vw, 1000px\" \/><button\n\t\t\tclass=\"lightbox-trigger\"\n\t\t\ttype=\"button\"\n\t\t\taria-haspopup=\"dialog\"\n\t\t\taria-label=\"Forst\u00f8rr\"\n\t\t\tdata-wp-init=\"callbacks.initTriggerButton\"\n\t\t\tdata-wp-on--click=\"actions.showLightbox\"\n\t\t\tdata-wp-style--right=\"state.imageButtonRight\"\n\t\t\tdata-wp-style--top=\"state.imageButtonTop\"\n\t\t>\n\t\t\t<svg xmlns=\"http:\/\/www.w3.org\/2000\/svg\" width=\"12\" height=\"12\" fill=\"none\" viewBox=\"0 0 12 12\">\n\t\t\t\t<path fill=\"#fff\" d=\"M2 0a2 2 0 0 0-2 2v2h1.5V2a.5.5 0 0 1 .5-.5h2V0H2Zm2 10.5H2a.5.5 0 0 1-.5-.5V8H0v2a2 2 0 0 0 2 2h2v-1.5ZM8 12v-1.5h2a.5.5 0 0 0 .5-.5V8H12v2a2 2 0 0 1-2 2H8Zm2-12a2 2 0 0 1 2 2v2h-1.5V2a.5.5 0 0 0-.5-.5H8V0h2Z\" \/>\n\t\t\t<\/svg>\n\t\t<\/button><\/figure>\n\n<figure class=\"wp-block-image size-full\"><img decoding=\"async\" width=\"1000\" height=\"1000\" data-id=\"208\" src=\"https:\/\/gumpedalenindustrier.no\/wp-content\/uploads\/2025\/04\/Dual-carport-2-1.jpg\" alt=\"\" class=\"wp-image-208\" srcset=\"https:\/\/gumpedalenindustrier.no\/wp-content\/uploads\/2025\/04\/Dual-carport-2-1.jpg 1000w, https:\/\/gumpedalenindustrier.no\/wp-content\/uploads\/2025\/04\/Dual-carport-2-1-300x300.jpg 300w, https:\/\/gumpedalenindustrier.no\/wp-content\/uploads\/2025\/04\/Dual-carport-2-1-150x150.jpg 150w, https:\/\/gumpedalenindustrier.no\/wp-content\/uploads\/2025\/04\/Dual-carport-2-1-768x768.jpg 768w, https:\/\/gumpedalenindustrier.no\/wp-content\/uploads\/2025\/04\/Dual-carport-2-1-600x600.jpg 600w, https:\/\/gumpedalenindustrier.no\/wp-content\/uploads\/2025\/04\/Dual-carport-2-1-100x100.jpg 100w\" sizes=\"(max-width: 1000px) 100vw, 1000px\" \/><\/figure>\n\n<figure class=\"wp-block-image size-large\"><img decoding=\"async\" width=\"1000\" height=\"1000\" data-id=\"209\" src=\"https:\/\/gumpedalenindustrier.no\/wp-content\/uploads\/2025\/04\/Dual-carport-4.jpg\" alt=\"\" class=\"wp-image-209\" srcset=\"https:\/\/gumpedalenindustrier.no\/wp-content\/uploads\/2025\/04\/Dual-carport-4.jpg 1000w, https:\/\/gumpedalenindustrier.no\/wp-content\/uploads\/2025\/04\/Dual-carport-4-300x300.jpg 300w, https:\/\/gumpedalenindustrier.no\/wp-content\/uploads\/2025\/04\/Dual-carport-4-150x150.jpg 150w, https:\/\/gumpedalenindustrier.no\/wp-content\/uploads\/2025\/04\/Dual-carport-4-768x768.jpg 768w, https:\/\/gumpedalenindustrier.no\/wp-content\/uploads\/2025\/04\/Dual-carport-4-600x600.jpg 600w, https:\/\/gumpedalenindustrier.no\/wp-content\/uploads\/2025\/04\/Dual-carport-4-100x100.jpg 100w\" sizes=\"(max-width: 1000px) 100vw, 1000px\" \/><\/figure><\/figure><div class=\"wp-block-group\"><div class=\"wp-block-group__inner-container is-layout-constrained wp-block-group-is-layout-constrained\"><div class=\"wp-block-columns is-layout-flex wp-container-core-columns-is-layout-9d6595d7 wp-block-columns-is-layout-flex\"><div class=\"wp-block-column is-layout-flow wp-block-column-is-layout-flow\"><\/div>\n\n<div class=\"wp-block-column is-layout-flow wp-block-column-is-layout-flow\"><\/div>\n\n<div class=\"wp-block-column is-layout-flow wp-block-column-is-layout-flow\"><\/div><\/div><\/div><\/div><p><\/p>","protected":false},"excerpt":{"rendered":"<p>\u2600\ufe0fSALG Fremtidens carport er her!!!!! SALG\u2600\ufe0f GSOLAR er en del av Gumpedalen Industrier AS (org 834 549 042) som importerer solcelle carporter og annet utstyr direkte fra produsent. V\u00e5rt m\u00e5l er \u00e5 kunne tilby markedets billigste fornybar energi. Vi holder til p\u00e5 Nodeland bare en kort avstand norvest av Kristiansand.<\/p>\n","protected":false},"author":1,"featured_media":0,"parent":0,"menu_order":0,"comment_status":"closed","ping_status":"closed","template":"","meta":{"footnotes":""},"class_list":["post-140","page","type-page","status-publish","hentry"],"_links":{"self":[{"href":"https:\/\/gumpedalenindustrier.no\/index.php\/wp-json\/wp\/v2\/pages\/140","targetHints":{"allow":["GET"]}}],"collection":[{"href":"https:\/\/gumpedalenindustrier.no\/index.php\/wp-json\/wp\/v2\/pages"}],"about":[{"href":"https:\/\/gumpedalenindustrier.no\/index.php\/wp-json\/wp\/v2\/types\/page"}],"author":[{"embeddable":true,"href":"https:\/\/gumpedalenindustrier.no\/index.php\/wp-json\/wp\/v2\/users\/1"}],"replies":[{"embeddable":true,"href":"https:\/\/gumpedalenindustrier.no\/index.php\/wp-json\/wp\/v2\/comments?post=140"}],"version-history":[{"count":12,"href":"https:\/\/gumpedalenindustrier.no\/index.php\/wp-json\/wp\/v2\/pages\/140\/revisions"}],"predecessor-version":[{"id":348,"href":"https:\/\/gumpedalenindustrier.no\/index.php\/wp-json\/wp\/v2\/pages\/140\/revisions\/348"}],"wp:attachment":[{"href":"https:\/\/gumpedalenindustrier.no\/index.php\/wp-json\/wp\/v2\/media?parent=140"}],"curies":[{"name":"wp","href":"https:\/\/api.w.org\/{rel}","templated":true}]}}