{"id":170,"date":"2025-01-10T00:08:43","date_gmt":"2025-01-10T00:08:43","guid":{"rendered":"https:\/\/gumpedalenindustrier.no\/?page_id=170"},"modified":"2026-02-20T23:04:22","modified_gmt":"2026-02-20T23:04:22","slug":"carport-solar","status":"publish","type":"page","link":"https:\/\/gumpedalenindustrier.no\/index.php\/carport-solar\/","title":{"rendered":"Carport solar"},"content":{"rendered":"<p><a href=\"https:\/\/gumpedalenindustrier.no\/?customize_changeset_uuid=88a6be0a-bbe1-473e-8981-fe7f516c44cf&amp;customize_messenger_channel=preview-0\">Hjem<\/a>&nbsp;\/&nbsp;Carport solar<\/p><p class=\"has-text-align-center has-large-font-size\">\u2728 <strong><strong>V\u00e5rtilbud<\/strong><\/strong> \u2728<\/p><p>\u2705 <strong>Enkel carport:<\/strong> 9 x 560W solcellepaneler (5,04 kWp) Kun Kr 49 875,- (39 900,- + mva)<br>\u2705 <strong>Dobbel carport:<\/strong> 18 x 560W solcellepaneler (10,08 kWp) kun 91 125,- (72 900,- + mva)<\/p><p><a href=\"https:\/\/www.enova.no\/privat\/aktuelt\/nytt-tiltak-og-redusert-stotte-i-enovatilskuddet-hosten-2023\/\">\ud83d\udcb0 <strong>F\u00e5 Enova-st\u00f8tte!<\/strong><\/a><br>Enova vil refundere Kr 13 800,- for enkel carport og Kr. 20 800,- etter godkjent installasjon. <\/p><p>\ud83c\udfe0 <strong>T\u00e5ler 400 kg sn\u00f8last<\/strong> \u2013 Perfekt for omr\u00e5der med mye sn\u00f8<br>\ud83c\udf2a\ufe0f <strong>Vindlast opptil 40 m\/s<\/strong> \u2013 Bygget for t\u00f8ffe v\u00e6rforhold<\/p><h3 class=\"wp-block-heading\" style=\"font-size:22px\">Ikke lagervare \u2013 men produseres og leveres p\u00e5 bestilling. <\/h3><p> <\/p><h3 class=\"wp-block-heading\"><br>Frakt og (palle\/emballeringsgebyr) betales f\u00f8r levering.<br>Betaling skjer via faktura.<\/h3><p>Etter innbetaling mottar du <strong>ordrebekreftelse<\/strong> og teknisk dokumentasjon.<\/p><p>Leveringstid er vanligvis <strong>9-13 uker<\/strong> etter mottatt depositum.<\/p><hr class=\"wp-block-separator has-alpha-channel-opacity\"\/><h3 class=\"wp-block-heading\">\ud83d\ude9a Levering<\/h3><p>\u2013 Carporten leveres som byggesett p\u00e5 pall. Kan ogs\u00e5 hentes vederlagsfritt p\u00e5 v\u00e5r utleveringsaddresse:<\/p><p>\u2013 Songdalsvegen 480, 4645 Nodeland. (Kristiansand kommune). <\/p><p><\/p><h3 class=\"wp-block-heading\">\ud83d\udd27 <strong>Enkel montering \u2013 Kan settes opp av huseier!<\/strong><\/h3><p>Leveres med trinn-for-trinn monteringsveiledning. Krever 4 fundamenter eller st\u00f8pt gulv som kj\u00f8per er ansvarlig for. Alt av bolter og monteringsmateriell og Bluesun 560 watts solcellepaneler er inkludert i prisen. Ja, til og med 12mm ekspansjonsbolter for festing i fundamenter \/gulv medf\u00f8lger. Vi inkluderer ogs\u00e5 2x25m 4mm2 PV kabel samt 10 MC4 plugger. Det eneste du trenger \u00e5 anskaffe er inverter som vi ogs\u00e5 kan levere, men vi anbefaler at du gj\u00f8r dette sammen med din elektriker\/innstallat\u00f8r.<\/p><p>f<a href=\"https:\/\/lovdata.no\/forskrift\/2017-10-10-1598\/%C2%A721\" target=\"_blank\" rel=\"noreferrer noopener\">orskrift om elektrisk utstyr \u00a7 21<\/a>&nbsp;p\u00e5legger oss \u00e5 informere om at installasjonsmateriell ment for \u00e5 kunne inng\u00e5 i et fast elektrisk anlegg kun kan installeres av en registrert installasjonsvirksomhet.<\/p><h3 class=\"wp-block-heading\">\u274c Avbestilling og angrerett<\/h3><p>Ved avbestilling etter produksjonsstart refunderes ikke innbetalt depositum.<br>Angrerett gjelder etter angrerettloven ved forbrukerkj\u00f8p. Kj\u00f8per betaler returfrakt.<br>Gjelder <strong>ikke for tilpassede l\u00f8sninger, bestillingsvarer eller ved salg til n\u00e6ringsdrivende.<\/strong><\/p><hr class=\"wp-block-separator has-alpha-channel-opacity\"\/><h3 class=\"wp-block-heading\">\u2705 Trygg handel med GSOLAR<\/h3><p>GSOLAR er en del av <strong>Gumpedalen Industrier AS<\/strong><br>Org.nr: 834 549 042<\/p><hr class=\"wp-block-separator has-alpha-channel-opacity\"\/><p>\ud83d\udce9\/ \ud83d\udcde <strong>Bestill n\u00e5 eller ta kontakt for sp\u00f8rsm\u00e5l:<\/strong> \u2013 E-post: <a class=\"\">salg@gsolar.no<\/a><br>\u2013 Telefon\/SMS: 416 72088 (Hvis ikke svar, legg igjen melding og vi ringer tilbake)<br>\u2013 Nettside: [<a class=\"\" href=\"http:\/\/www.gsolar.no\">www.gsolar.no<\/a>]<\/p><h3 class=\"wp-block-heading\"><\/h3><figure class=\"wp-block-gallery has-nested-images columns-default is-cropped wp-block-gallery-1 is-layout-flex wp-block-gallery-is-layout-flex\"><figure class=\"wp-block-image size-large is-style-default\"><img fetchpriority=\"high\" decoding=\"async\" width=\"1024\" height=\"912\" data-id=\"305\" src=\"https:\/\/gumpedalenindustrier.no\/wp-content\/uploads\/2025\/04\/Single-carport3a-1024x912.jpg\" alt=\"\" class=\"wp-image-305\" srcset=\"https:\/\/gumpedalenindustrier.no\/wp-content\/uploads\/2025\/04\/Single-carport3a-1024x912.jpg 1024w, https:\/\/gumpedalenindustrier.no\/wp-content\/uploads\/2025\/04\/Single-carport3a-300x267.jpg 300w, https:\/\/gumpedalenindustrier.no\/wp-content\/uploads\/2025\/04\/Single-carport3a-768x684.jpg 768w, https:\/\/gumpedalenindustrier.no\/wp-content\/uploads\/2025\/04\/Single-carport3a-1536x1368.jpg 1536w, https:\/\/gumpedalenindustrier.no\/wp-content\/uploads\/2025\/04\/Single-carport3a-2048x1824.jpg 2048w, https:\/\/gumpedalenindustrier.no\/wp-content\/uploads\/2025\/04\/Single-carport3a-600x534.jpg 600w\" sizes=\"(max-width: 1024px) 100vw, 1024px\" \/><\/figure><\/figure><figure class=\"wp-block-gallery has-nested-images columns-default is-cropped wp-block-gallery-2 is-layout-flex wp-block-gallery-is-layout-flex\"><figure class=\"wp-block-image size-full\"><img decoding=\"async\" width=\"1000\" height=\"1000\" data-id=\"202\" src=\"https:\/\/gumpedalenindustrier.no\/wp-content\/uploads\/2025\/04\/Dual-carport-1.jpg\" alt=\"\" class=\"wp-image-202\" srcset=\"https:\/\/gumpedalenindustrier.no\/wp-content\/uploads\/2025\/04\/Dual-carport-1.jpg 1000w, https:\/\/gumpedalenindustrier.no\/wp-content\/uploads\/2025\/04\/Dual-carport-1-300x300.jpg 300w, https:\/\/gumpedalenindustrier.no\/wp-content\/uploads\/2025\/04\/Dual-carport-1-150x150.jpg 150w, https:\/\/gumpedalenindustrier.no\/wp-content\/uploads\/2025\/04\/Dual-carport-1-768x768.jpg 768w, https:\/\/gumpedalenindustrier.no\/wp-content\/uploads\/2025\/04\/Dual-carport-1-600x600.jpg 600w, https:\/\/gumpedalenindustrier.no\/wp-content\/uploads\/2025\/04\/Dual-carport-1-100x100.jpg 100w\" sizes=\"(max-width: 1000px) 100vw, 1000px\" \/><\/figure>\n\n<figure class=\"wp-block-image size-full\"><img decoding=\"async\" width=\"2560\" height=\"2058\" data-id=\"303\" src=\"https:\/\/gumpedalenindustrier.no\/wp-content\/uploads\/2025\/04\/Single-carport1a-scaled.jpg\" alt=\"\" class=\"wp-image-303\" srcset=\"https:\/\/gumpedalenindustrier.no\/wp-content\/uploads\/2025\/04\/Single-carport1a-scaled.jpg 2560w, https:\/\/gumpedalenindustrier.no\/wp-content\/uploads\/2025\/04\/Single-carport1a-300x241.jpg 300w, https:\/\/gumpedalenindustrier.no\/wp-content\/uploads\/2025\/04\/Single-carport1a-1024x823.jpg 1024w, https:\/\/gumpedalenindustrier.no\/wp-content\/uploads\/2025\/04\/Single-carport1a-768x617.jpg 768w, https:\/\/gumpedalenindustrier.no\/wp-content\/uploads\/2025\/04\/Single-carport1a-1536x1235.jpg 1536w, https:\/\/gumpedalenindustrier.no\/wp-content\/uploads\/2025\/04\/Single-carport1a-2048x1646.jpg 2048w, https:\/\/gumpedalenindustrier.no\/wp-content\/uploads\/2025\/04\/Single-carport1a-600x482.jpg 600w\" sizes=\"(max-width: 2560px) 100vw, 2560px\" \/><\/figure><\/figure><figure class=\"wp-block-image size-full\"><img loading=\"lazy\" decoding=\"async\" width=\"1000\" height=\"1000\" src=\"https:\/\/gumpedalenindustrier.no\/wp-content\/uploads\/2025\/04\/Dual-carport-3.jpg\" alt=\"\" class=\"wp-image-205\" srcset=\"https:\/\/gumpedalenindustrier.no\/wp-content\/uploads\/2025\/04\/Dual-carport-3.jpg 1000w, https:\/\/gumpedalenindustrier.no\/wp-content\/uploads\/2025\/04\/Dual-carport-3-300x300.jpg 300w, https:\/\/gumpedalenindustrier.no\/wp-content\/uploads\/2025\/04\/Dual-carport-3-150x150.jpg 150w, https:\/\/gumpedalenindustrier.no\/wp-content\/uploads\/2025\/04\/Dual-carport-3-768x768.jpg 768w, https:\/\/gumpedalenindustrier.no\/wp-content\/uploads\/2025\/04\/Dual-carport-3-600x600.jpg 600w, https:\/\/gumpedalenindustrier.no\/wp-content\/uploads\/2025\/04\/Dual-carport-3-100x100.jpg 100w\" sizes=\"(max-width: 1000px) 100vw, 1000px\" \/><\/figure><p>V\u00e5re carporter kan utvides til ubegrenset lengde for st\u00f8rre borettslag og parkeringsanlegg. Carporten kan ogs\u00e5 tilbys for buss og lastebiler.<\/p><p><\/p><p><\/p>","protected":false},"excerpt":{"rendered":"<p>Hjem&nbsp;\/&nbsp;Carport solar \u2728 V\u00e5rtilbud \u2728 \u2705 Enkel carport: 9 x 560W solcellepaneler (5,04 kWp) Kun Kr 49 875,- (39 900,- + mva)\u2705 Dobbel carport: 18 x 560W solcellepaneler (10,08 kWp) kun 91 125,- (72 900,- + mva) \ud83d\udcb0 F\u00e5 Enova-st\u00f8tte!Enova vil refundere Kr 13 800,- for enkel carport og Kr. 20 800,- etter godkjent installasjon. [&hellip;]<\/p>\n","protected":false},"author":1,"featured_media":0,"parent":0,"menu_order":0,"comment_status":"closed","ping_status":"closed","template":"","meta":{"footnotes":""},"class_list":["post-170","page","type-page","status-publish","hentry"],"_links":{"self":[{"href":"https:\/\/gumpedalenindustrier.no\/index.php\/wp-json\/wp\/v2\/pages\/170","targetHints":{"allow":["GET"]}}],"collection":[{"href":"https:\/\/gumpedalenindustrier.no\/index.php\/wp-json\/wp\/v2\/pages"}],"about":[{"href":"https:\/\/gumpedalenindustrier.no\/index.php\/wp-json\/wp\/v2\/types\/page"}],"author":[{"embeddable":true,"href":"https:\/\/gumpedalenindustrier.no\/index.php\/wp-json\/wp\/v2\/users\/1"}],"replies":[{"embeddable":true,"href":"https:\/\/gumpedalenindustrier.no\/index.php\/wp-json\/wp\/v2\/comments?post=170"}],"version-history":[{"count":83,"href":"https:\/\/gumpedalenindustrier.no\/index.php\/wp-json\/wp\/v2\/pages\/170\/revisions"}],"predecessor-version":[{"id":386,"href":"https:\/\/gumpedalenindustrier.no\/index.php\/wp-json\/wp\/v2\/pages\/170\/revisions\/386"}],"wp:attachment":[{"href":"https:\/\/gumpedalenindustrier.no\/index.php\/wp-json\/wp\/v2\/media?parent=170"}],"curies":[{"name":"wp","href":"https:\/\/api.w.org\/{rel}","templated":true}]}}