{"id":360,"date":"2025-04-27T20:07:02","date_gmt":"2025-04-27T20:07:02","guid":{"rendered":"https:\/\/gumpedalenindustrier.no\/?page_id=360"},"modified":"2025-04-27T23:50:51","modified_gmt":"2025-04-27T23:50:51","slug":"monteringsanvisning","status":"publish","type":"page","link":"https:\/\/gumpedalenindustrier.no\/index.php\/monteringsanvisning\/","title":{"rendered":"Monteringsanvisning"},"content":{"rendered":"<p>Filen som f\u00f8lger med carporten har en my bedre oppl\u00f8sning enn hva denne har. Denne er kun ment som et eksempel p\u00e5 hvordan monteringsanvisningen er laget mhht sm\u00e5 detaljer.<\/p><div data-wp-interactive=\"core\/file\" class=\"wp-block-file\"><object data-wp-bind--hidden=\"!state.hasPdfPreview\" hidden class=\"wp-block-file__embed\" data=\"https:\/\/gumpedalenindustrier.no\/wp-content\/uploads\/2025\/04\/Scan1Double-garage-mounting-compressed.pdf\" type=\"application\/pdf\" style=\"width:100%;height:600px\" aria-label=\"Innbygging av Scan1Double garage mounting-compressed\"><\/object><a id=\"wp-block-file--media-5a3f076d-7ad6-4680-b0c1-c854372dc267\" href=\"https:\/\/gumpedalenindustrier.no\/wp-content\/uploads\/2025\/04\/Scan1Double-garage-mounting-compressed.pdf\">Scan1Double garage mounting-compressed<\/a><a href=\"https:\/\/gumpedalenindustrier.no\/wp-content\/uploads\/2025\/04\/Scan1Double-garage-mounting-compressed.pdf\" class=\"wp-block-file__button wp-element-button\" download aria-describedby=\"wp-block-file--media-5a3f076d-7ad6-4680-b0c1-c854372dc267\">Last ned<\/a><\/div><p><\/p>","protected":false},"excerpt":{"rendered":"<p>Filen som f\u00f8lger med carporten har en my bedre oppl\u00f8sning enn hva denne har. Denne er kun ment som et eksempel p\u00e5 hvordan monteringsanvisningen er laget mhht sm\u00e5 detaljer.<\/p>\n","protected":false},"author":1,"featured_media":0,"parent":0,"menu_order":0,"comment_status":"closed","ping_status":"closed","template":"","meta":{"footnotes":""},"class_list":["post-360","page","type-page","status-publish","hentry"],"_links":{"self":[{"href":"https:\/\/gumpedalenindustrier.no\/index.php\/wp-json\/wp\/v2\/pages\/360","targetHints":{"allow":["GET"]}}],"collection":[{"href":"https:\/\/gumpedalenindustrier.no\/index.php\/wp-json\/wp\/v2\/pages"}],"about":[{"href":"https:\/\/gumpedalenindustrier.no\/index.php\/wp-json\/wp\/v2\/types\/page"}],"author":[{"embeddable":true,"href":"https:\/\/gumpedalenindustrier.no\/index.php\/wp-json\/wp\/v2\/users\/1"}],"replies":[{"embeddable":true,"href":"https:\/\/gumpedalenindustrier.no\/index.php\/wp-json\/wp\/v2\/comments?post=360"}],"version-history":[{"count":4,"href":"https:\/\/gumpedalenindustrier.no\/index.php\/wp-json\/wp\/v2\/pages\/360\/revisions"}],"predecessor-version":[{"id":366,"href":"https:\/\/gumpedalenindustrier.no\/index.php\/wp-json\/wp\/v2\/pages\/360\/revisions\/366"}],"wp:attachment":[{"href":"https:\/\/gumpedalenindustrier.no\/index.php\/wp-json\/wp\/v2\/media?parent=360"}],"curies":[{"name":"wp","href":"https:\/\/api.w.org\/{rel}","templated":true}]}}